{"id":27,"date":"2023-06-09T13:28:46","date_gmt":"2023-06-09T04:28:46","guid":{"rendered":"https:\/\/brown-ie.com\/bll\/?page_id=27"},"modified":"2024-04-02T15:54:22","modified_gmt":"2024-04-02T06:54:22","slug":"%e7%84%a1%e6%96%99%e4%bd%93%e9%a8%93%e7%94%b3%e3%81%97%e8%be%bc%e3%81%bf-or-%e3%81%8a%e5%95%8f%e3%81%84%e5%90%88%e3%82%8f%e3%81%9b","status":"publish","type":"page","link":"https:\/\/brown-ie.com\/bll\/%e7%84%a1%e6%96%99%e4%bd%93%e9%a8%93%e7%94%b3%e3%81%97%e8%be%bc%e3%81%bf-or-%e3%81%8a%e5%95%8f%e3%81%84%e5%90%88%e3%82%8f%e3%81%9b\/","title":{"rendered":"\u7121\u6599\u4f53\u9a13\u7533\u3057\u8fbc\u307f or \u304a\u554f\u3044\u5408\u308f\u305b"},"content":{"rendered":"\n<div class=\"wpcf7 no-js\" id=\"wpcf7-f460-o1\" lang=\"ja\" dir=\"ltr\" data-wpcf7-id=\"460\">\n<div class=\"screen-reader-response\"><p role=\"status\" aria-live=\"polite\" aria-atomic=\"true\"><\/p> <ul><\/ul><\/div>\n<form action=\"\/bll\/wp-json\/wp\/v2\/pages\/27#wpcf7-f460-o1\" method=\"post\" class=\"wpcf7-form init\" aria-label=\"\u30b3\u30f3\u30bf\u30af\u30c8\u30d5\u30a9\u30fc\u30e0\" novalidate=\"novalidate\" data-status=\"init\">\n<fieldset class=\"hidden-fields-container\"><input type=\"hidden\" name=\"_wpcf7\" value=\"460\" \/><input type=\"hidden\" name=\"_wpcf7_version\" value=\"6.1.5\" \/><input type=\"hidden\" name=\"_wpcf7_locale\" value=\"ja\" \/><input type=\"hidden\" name=\"_wpcf7_unit_tag\" value=\"wpcf7-f460-o1\" \/><input type=\"hidden\" name=\"_wpcf7_container_post\" value=\"0\" \/><input type=\"hidden\" name=\"_wpcf7_posted_data_hash\" value=\"\" \/><input type=\"hidden\" name=\"_wpcf7_recaptcha_response\" value=\"\" \/>\n<\/fieldset>\n<table class=\"CF7_table\">\n\t<tr>\n\t\t<th>\n\t\t\t<p><span class=\"CF7_req\"><\/span> \u3054\u76f8\u8ac7\u5185\u5bb9\n\t\t\t<\/p>\n\t\t<\/th>\n\t\t<td>\n\t\t\t<p><span class=\"wpcf7-form-control-wrap\" data-name=\"checkbox-inq\"><span class=\"wpcf7-form-control wpcf7-checkbox wpcf7-validates-as-required\"><span class=\"wpcf7-list-item first\"><input type=\"checkbox\" name=\"checkbox-inq[]\" value=\"\u7121\u6599\u4f53\u9a13\u30ec\u30c3\u30b9\u30f3\u7533\u8fbc\u307f\" \/><span class=\"wpcf7-list-item-label\">\u7121\u6599\u4f53\u9a13\u30ec\u30c3\u30b9\u30f3\u7533\u8fbc\u307f<\/span><\/span><span class=\"wpcf7-list-item\"><input type=\"checkbox\" name=\"checkbox-inq[]\" value=\"\u3054\u76f8\u8ac7\" \/><span class=\"wpcf7-list-item-label\">\u3054\u76f8\u8ac7<\/span><\/span><span class=\"wpcf7-list-item\"><input type=\"checkbox\" name=\"checkbox-inq[]\" value=\"\u304a\u554f\u3044\u5408\u308f\u305b\" \/><span class=\"wpcf7-list-item-label\">\u304a\u554f\u3044\u5408\u308f\u305b<\/span><\/span><span class=\"wpcf7-list-item last\"><input type=\"checkbox\" name=\"checkbox-inq[]\" value=\"\u305d\u306e\u4ed6\" \/><span class=\"wpcf7-list-item-label\">\u305d\u306e\u4ed6<\/span><\/span><\/span><\/span>\n\t\t\t<\/p>\n\t\t<\/td>\n\t<\/tr>\n\t<tr>\n\t\t<th>\n\t\t\t<p><span class=\"CF7_req\"><\/span> \u304a\u540d\u524d\n\t\t\t<\/p>\n\t\t<\/th>\n\t\t<td>\n\t\t\t<p><span class=\"wpcf7-form-control-wrap\" data-name=\"your-name\"><input size=\"40\" maxlength=\"400\" class=\"wpcf7-form-control wpcf7-text wpcf7-validates-as-required\" aria-required=\"true\" aria-invalid=\"false\" placeholder=\"\u4f8b\uff1a\u82f1\u56fd\u3000\u7d33\u58eb\" value=\"\" type=\"text\" name=\"your-name\" \/><\/span>\n\t\t\t<\/p>\n\t\t<\/td>\n\t<\/tr>\n\t<tr>\n\t\t<th>\n\t\t\t<p><span class=\"CF7_req\"><\/span> \u30e1\u30fc\u30eb\u30a2\u30c9\u30ec\u30b9\n\t\t\t<\/p>\n\t\t<\/th>\n\t\t<td>\n\t\t\t<p><span class=\"wpcf7-form-control-wrap\" data-name=\"your-email\"><input size=\"40\" maxlength=\"400\" class=\"wpcf7-form-control wpcf7-email wpcf7-validates-as-required wpcf7-text wpcf7-validates-as-email\" aria-required=\"true\" aria-invalid=\"false\" placeholder=\"\u4f8b\uff1a\u00d7\u00d7\u00d7@\u00d7\u00d7\u00d7.com\" value=\"\" type=\"email\" name=\"your-email\" \/><\/span>\n\t\t\t<\/p>\n\t\t<\/td>\n\t<\/tr>\n\t<tr>\n\t\t<th>\n\t\t\t<p><span class=\"CF7_req\"><\/span>\u304a\u96fb\u8a71\u756a\u53f7\n\t\t\t<\/p>\n\t\t<\/th>\n\t\t<td>\n\t\t\t<p><span class=\"wpcf7-form-control-wrap\" data-name=\"your-tel\"><input size=\"40\" maxlength=\"400\" class=\"wpcf7-form-control wpcf7-text wpcf7-validates-as-required\" aria-required=\"true\" aria-invalid=\"false\" placeholder=\"\u4f8b\uff1a\u534a\u89d2\u3067\u5165\u529b\u3057\u3066\u304f\u3060\u3055\u3044 09012345678\" value=\"\" type=\"text\" name=\"your-tel\" \/><\/span>\n\t\t\t<\/p>\n\t\t<\/td>\n\t<\/tr>\n\t<tr>\n\t\t<th>\n\t\t\t<p><span class=\"CF7_req\"><\/span>\u30e1\u30c3\u30bb\u30fc\u30b8\u672c\u6587\n\t\t\t<\/p>\n\t\t<\/th>\n\t\t<td class=\"message-100\">\n\t\t\t<p><span class=\"wpcf7-form-control-wrap\" data-name=\"your-message\"><textarea cols=\"40\" rows=\"10\" maxlength=\"2000\" class=\"wpcf7-form-control wpcf7-textarea wpcf7-validates-as-required\" aria-required=\"true\" aria-invalid=\"false\" placeholder=\"\u304a\u554f\u3044\u5408\u308f\u305b\u5185\u5bb9\u3092\u3054\u8a18\u5165\u304f\u3060\u3055\u3044\u3002\u7121\u6599\u4f53\u9a13\u30ec\u30c3\u30b9\u30f3\u3092\u3054\u5e0c\u671b\u306e\u969b\u306f\u3001\u5e0c\u671b\u65e5\u6642\u3092\u5217\u6319\u3057\u3066\u304f\u3060\u3055\u3044\u3002\u307e\u305f\u5bfe\u8c61\u8005\u69d8\u306e\u5e74\u9f62\u30fb\u4e2d\u5b66\u3001\u9ad8\u6821\u751f\u306a\u3069\u3092\u304a\u66f8\u304d\u304f\u3060\u3055\u3044\u307e\u3059\u3068\u8a71\u3057\u304c\u30b9\u30e0\u30fc\u30ba\u3067\u3059\u3002\" name=\"your-message\"><\/textarea><\/span>\n\t\t\t<\/p>\n\t\t<\/td>\n\t<\/tr>\n<\/table>\n<p class=\"CF7_btn\"><input class=\"wpcf7-form-control wpcf7-submit has-spinner\" type=\"submit\" value=\"\u9001\u4fe1\u3059\u308b\" \/>\n<\/p><p style=\"display: none !important;\" class=\"akismet-fields-container\" data-prefix=\"_wpcf7_ak_\"><label>&#916;<textarea name=\"_wpcf7_ak_hp_textarea\" cols=\"45\" rows=\"8\" maxlength=\"100\"><\/textarea><\/label><input type=\"hidden\" id=\"ak_js_1\" name=\"_wpcf7_ak_js\" value=\"135\"\/><script>document.getElementById( \"ak_js_1\" ).setAttribute( \"value\", ( new Date() ).getTime() );<\/script><\/p><div class=\"wpcf7-response-output\" aria-hidden=\"true\"><\/div>\n<\/form>\n<\/div>\n\n\n\n\n<p><\/p>\n\n\n\n<p><\/p>\n\n\n\n<p>LINE \u3067\u3082OK\u3067\u3059\u3002\u5dee\u3057\u652f\u3048\u306a\u3051\u308c\u3070\u3001\u8b1b\u5e2b \u4e2d\u5c3e\u65b0\u543e\u306eLINE\u306b\u76f4\u63a5\u9001\u4fe1\u304f\u3060\u3055\u3044\u3002<\/p>\n\n\n\n<p>\u96fb\u8a71: 090-3289-6028<\/p>\n\n\n\n<figure class=\"wp-block-image size-full is-resized\"><img loading=\"lazy\" decoding=\"async\" width=\"900\" height=\"900\" src=\"https:\/\/brown-ie.com\/bll\/wp-content\/uploads\/2023\/06\/brown-line-account.png\" alt=\"\" class=\"wp-image-56\" style=\"width:155px;height:155px\" srcset=\"https:\/\/brown-ie.com\/bll\/wp-content\/uploads\/2023\/06\/brown-line-account.png 900w, https:\/\/brown-ie.com\/bll\/wp-content\/uploads\/2023\/06\/brown-line-account-300x300.png 300w, https:\/\/brown-ie.com\/bll\/wp-content\/uploads\/2023\/06\/brown-line-account-150x150.png 150w, https:\/\/brown-ie.com\/bll\/wp-content\/uploads\/2023\/06\/brown-line-account-768x768.png 768w, https:\/\/brown-ie.com\/bll\/wp-content\/uploads\/2023\/06\/brown-line-account-100x100.png 100w\" sizes=\"auto, (max-width: 900px) 100vw, 900px\" \/><\/figure>\n\n\n\n<p><\/p>\n\n\n\n<figure class=\"wp-block-image size-full is-resized\"><img loading=\"lazy\" decoding=\"async\" width=\"225\" height=\"126\" src=\"https:\/\/brown-ie.com\/bll\/wp-content\/uploads\/2023\/06\/IMG_0027-6.jpg\" alt=\"\" class=\"wp-image-57\" style=\"width:146px;height:82px\" srcset=\"https:\/\/brown-ie.com\/bll\/wp-content\/uploads\/2023\/06\/IMG_0027-6.jpg 225w, https:\/\/brown-ie.com\/bll\/wp-content\/uploads\/2023\/06\/IMG_0027-6-120x68.jpg 120w, https:\/\/brown-ie.com\/bll\/wp-content\/uploads\/2023\/06\/IMG_0027-6-160x90.jpg 160w\" sizes=\"auto, (max-width: 225px) 100vw, 225px\" \/><\/figure>\n","protected":false},"excerpt":{"rendered":"<p>LINE \u3067\u3082OK\u3067\u3059\u3002\u5dee\u3057\u652f\u3048\u306a\u3051\u308c\u3070\u3001\u8b1b\u5e2b \u4e2d\u5c3e\u65b0\u543e\u306eLINE\u306b\u76f4\u63a5\u9001\u4fe1\u304f\u3060\u3055\u3044\u3002 \u96fb\u8a71: 090-3289-6028<\/p>\n","protected":false},"author":1,"featured_media":0,"parent":0,"menu_order":0,"comment_status":"closed","ping_status":"closed","template":"","meta":{"footnotes":""},"class_list":["post-27","page","type-page","status-publish","hentry"],"yoast_head":"<!-- This site is optimized with the Yoast SEO plugin v27.3 - https:\/\/yoast.com\/product\/yoast-seo-wordpress\/ -->\n<title>\u7121\u6599\u4f53\u9a13\u7533\u3057\u8fbc\u307f or \u304a\u554f\u3044\u5408\u308f\u305b - Brown Language Laboratory<\/title>\n<meta name=\"robots\" content=\"index, follow, max-snippet:-1, max-image-preview:large, max-video-preview:-1\" \/>\n<link rel=\"canonical\" href=\"https:\/\/brown-ie.com\/bll\/\u7121\u6599\u4f53\u9a13\u7533\u3057\u8fbc\u307f-or-\u304a\u554f\u3044\u5408\u308f\u305b\/\" \/>\n<meta property=\"og:locale\" content=\"ja_JP\" \/>\n<meta property=\"og:type\" content=\"article\" \/>\n<meta property=\"og:title\" content=\"\u7121\u6599\u4f53\u9a13\u7533\u3057\u8fbc\u307f or \u304a\u554f\u3044\u5408\u308f\u305b - Brown Language Laboratory\" \/>\n<meta property=\"og:description\" content=\"LINE \u3067\u3082OK\u3067\u3059\u3002\u5dee\u3057\u652f\u3048\u306a\u3051\u308c\u3070\u3001\u8b1b\u5e2b \u4e2d\u5c3e\u65b0\u543e\u306eLINE\u306b\u76f4\u63a5\u9001\u4fe1\u304f\u3060\u3055\u3044\u3002 \u96fb\u8a71: 090-3289-6028\" \/>\n<meta property=\"og:url\" content=\"https:\/\/brown-ie.com\/bll\/\u7121\u6599\u4f53\u9a13\u7533\u3057\u8fbc\u307f-or-\u304a\u554f\u3044\u5408\u308f\u305b\/\" \/>\n<meta property=\"og:site_name\" content=\"Brown Language Laboratory\" \/>\n<meta property=\"article:modified_time\" content=\"2024-04-02T06:54:22+00:00\" \/>\n<meta property=\"og:image\" content=\"https:\/\/brown-ie.com\/bll\/wp-content\/uploads\/2023\/06\/brown-line-account.png\" \/>\n<meta name=\"twitter:card\" content=\"summary_large_image\" \/>\n<script type=\"application\/ld+json\" class=\"yoast-schema-graph\">{\"@context\":\"https:\\\/\\\/schema.org\",\"@graph\":[{\"@type\":\"WebPage\",\"@id\":\"https:\\\/\\\/brown-ie.com\\\/bll\\\/%e7%84%a1%e6%96%99%e4%bd%93%e9%a8%93%e7%94%b3%e3%81%97%e8%be%bc%e3%81%bf-or-%e3%81%8a%e5%95%8f%e3%81%84%e5%90%88%e3%82%8f%e3%81%9b\\\/\",\"url\":\"https:\\\/\\\/brown-ie.com\\\/bll\\\/%e7%84%a1%e6%96%99%e4%bd%93%e9%a8%93%e7%94%b3%e3%81%97%e8%be%bc%e3%81%bf-or-%e3%81%8a%e5%95%8f%e3%81%84%e5%90%88%e3%82%8f%e3%81%9b\\\/\",\"name\":\"\u7121\u6599\u4f53\u9a13\u7533\u3057\u8fbc\u307f or \u304a\u554f\u3044\u5408\u308f\u305b - Brown Language Laboratory\",\"isPartOf\":{\"@id\":\"https:\\\/\\\/brown-ie.com\\\/bll\\\/#website\"},\"primaryImageOfPage\":{\"@id\":\"https:\\\/\\\/brown-ie.com\\\/bll\\\/%e7%84%a1%e6%96%99%e4%bd%93%e9%a8%93%e7%94%b3%e3%81%97%e8%be%bc%e3%81%bf-or-%e3%81%8a%e5%95%8f%e3%81%84%e5%90%88%e3%82%8f%e3%81%9b\\\/#primaryimage\"},\"image\":{\"@id\":\"https:\\\/\\\/brown-ie.com\\\/bll\\\/%e7%84%a1%e6%96%99%e4%bd%93%e9%a8%93%e7%94%b3%e3%81%97%e8%be%bc%e3%81%bf-or-%e3%81%8a%e5%95%8f%e3%81%84%e5%90%88%e3%82%8f%e3%81%9b\\\/#primaryimage\"},\"thumbnailUrl\":\"https:\\\/\\\/brown-ie.com\\\/bll\\\/wp-content\\\/uploads\\\/2023\\\/06\\\/brown-line-account.png\",\"datePublished\":\"2023-06-09T04:28:46+00:00\",\"dateModified\":\"2024-04-02T06:54:22+00:00\",\"breadcrumb\":{\"@id\":\"https:\\\/\\\/brown-ie.com\\\/bll\\\/%e7%84%a1%e6%96%99%e4%bd%93%e9%a8%93%e7%94%b3%e3%81%97%e8%be%bc%e3%81%bf-or-%e3%81%8a%e5%95%8f%e3%81%84%e5%90%88%e3%82%8f%e3%81%9b\\\/#breadcrumb\"},\"inLanguage\":\"ja\",\"potentialAction\":[{\"@type\":\"ReadAction\",\"target\":[\"https:\\\/\\\/brown-ie.com\\\/bll\\\/%e7%84%a1%e6%96%99%e4%bd%93%e9%a8%93%e7%94%b3%e3%81%97%e8%be%bc%e3%81%bf-or-%e3%81%8a%e5%95%8f%e3%81%84%e5%90%88%e3%82%8f%e3%81%9b\\\/\"]}]},{\"@type\":\"ImageObject\",\"inLanguage\":\"ja\",\"@id\":\"https:\\\/\\\/brown-ie.com\\\/bll\\\/%e7%84%a1%e6%96%99%e4%bd%93%e9%a8%93%e7%94%b3%e3%81%97%e8%be%bc%e3%81%bf-or-%e3%81%8a%e5%95%8f%e3%81%84%e5%90%88%e3%82%8f%e3%81%9b\\\/#primaryimage\",\"url\":\"https:\\\/\\\/brown-ie.com\\\/bll\\\/wp-content\\\/uploads\\\/2023\\\/06\\\/brown-line-account.png\",\"contentUrl\":\"https:\\\/\\\/brown-ie.com\\\/bll\\\/wp-content\\\/uploads\\\/2023\\\/06\\\/brown-line-account.png\",\"width\":900,\"height\":900},{\"@type\":\"BreadcrumbList\",\"@id\":\"https:\\\/\\\/brown-ie.com\\\/bll\\\/%e7%84%a1%e6%96%99%e4%bd%93%e9%a8%93%e7%94%b3%e3%81%97%e8%be%bc%e3%81%bf-or-%e3%81%8a%e5%95%8f%e3%81%84%e5%90%88%e3%82%8f%e3%81%9b\\\/#breadcrumb\",\"itemListElement\":[{\"@type\":\"ListItem\",\"position\":1,\"name\":\"\u30db\u30fc\u30e0\",\"item\":\"https:\\\/\\\/brown-ie.com\\\/bll\\\/\"},{\"@type\":\"ListItem\",\"position\":2,\"name\":\"\u7121\u6599\u4f53\u9a13\u7533\u3057\u8fbc\u307f or \u304a\u554f\u3044\u5408\u308f\u305b\"}]},{\"@type\":\"WebSite\",\"@id\":\"https:\\\/\\\/brown-ie.com\\\/bll\\\/#website\",\"url\":\"https:\\\/\\\/brown-ie.com\\\/bll\\\/\",\"name\":\"Brown Language Laboratory\",\"description\":\"\u30a2\u30c3\u30c8\u30db\u30fc\u30e0\u306a\u306e\u306b\u610f\u8b58\u304c\u9ad8\u307e\u308b\u30b9\u30af\u30fc\u30eb \u30d6\u30e9\u30a6\u30f3 \u30e9\u30f3\u30b2\u30fc\u30b8\u30e9\u30dc\",\"publisher\":{\"@id\":\"https:\\\/\\\/brown-ie.com\\\/bll\\\/#organization\"},\"alternateName\":\"\u82f1\u8a9e\u30b9\u30af\u30fc\u30eb\u30d6\u30e9\u30a6\u30f3\",\"potentialAction\":[{\"@type\":\"SearchAction\",\"target\":{\"@type\":\"EntryPoint\",\"urlTemplate\":\"https:\\\/\\\/brown-ie.com\\\/bll\\\/?s={search_term_string}\"},\"query-input\":{\"@type\":\"PropertyValueSpecification\",\"valueRequired\":true,\"valueName\":\"search_term_string\"}}],\"inLanguage\":\"ja\"},{\"@type\":\"Organization\",\"@id\":\"https:\\\/\\\/brown-ie.com\\\/bll\\\/#organization\",\"name\":\"\u30d6\u30e9\u30a6\u30f3\u30fb\u30e9\u30f3\u30b2\u30fc\u30b8\u30e9\u30dc\",\"url\":\"https:\\\/\\\/brown-ie.com\\\/bll\\\/\",\"logo\":{\"@type\":\"ImageObject\",\"inLanguage\":\"ja\",\"@id\":\"https:\\\/\\\/brown-ie.com\\\/bll\\\/#\\\/schema\\\/logo\\\/image\\\/\",\"url\":\"https:\\\/\\\/brown-ie.com\\\/bll\\\/wp-content\\\/uploads\\\/2023\\\/06\\\/cropped-IMG_0027-7.jpg\",\"contentUrl\":\"https:\\\/\\\/brown-ie.com\\\/bll\\\/wp-content\\\/uploads\\\/2023\\\/06\\\/cropped-IMG_0027-7.jpg\",\"width\":225,\"height\":126,\"caption\":\"\u30d6\u30e9\u30a6\u30f3\u30fb\u30e9\u30f3\u30b2\u30fc\u30b8\u30e9\u30dc\"},\"image\":{\"@id\":\"https:\\\/\\\/brown-ie.com\\\/bll\\\/#\\\/schema\\\/logo\\\/image\\\/\"}}]}<\/script>\n<!-- \/ Yoast SEO plugin. -->","yoast_head_json":{"title":"\u7121\u6599\u4f53\u9a13\u7533\u3057\u8fbc\u307f or \u304a\u554f\u3044\u5408\u308f\u305b - Brown Language Laboratory","robots":{"index":"index","follow":"follow","max-snippet":"max-snippet:-1","max-image-preview":"max-image-preview:large","max-video-preview":"max-video-preview:-1"},"canonical":"https:\/\/brown-ie.com\/bll\/\u7121\u6599\u4f53\u9a13\u7533\u3057\u8fbc\u307f-or-\u304a\u554f\u3044\u5408\u308f\u305b\/","og_locale":"ja_JP","og_type":"article","og_title":"\u7121\u6599\u4f53\u9a13\u7533\u3057\u8fbc\u307f or \u304a\u554f\u3044\u5408\u308f\u305b - Brown Language Laboratory","og_description":"LINE \u3067\u3082OK\u3067\u3059\u3002\u5dee\u3057\u652f\u3048\u306a\u3051\u308c\u3070\u3001\u8b1b\u5e2b \u4e2d\u5c3e\u65b0\u543e\u306eLINE\u306b\u76f4\u63a5\u9001\u4fe1\u304f\u3060\u3055\u3044\u3002 \u96fb\u8a71: 090-3289-6028","og_url":"https:\/\/brown-ie.com\/bll\/\u7121\u6599\u4f53\u9a13\u7533\u3057\u8fbc\u307f-or-\u304a\u554f\u3044\u5408\u308f\u305b\/","og_site_name":"Brown Language Laboratory","article_modified_time":"2024-04-02T06:54:22+00:00","og_image":[{"url":"https:\/\/brown-ie.com\/bll\/wp-content\/uploads\/2023\/06\/brown-line-account.png","type":"","width":"","height":""}],"twitter_card":"summary_large_image","schema":{"@context":"https:\/\/schema.org","@graph":[{"@type":"WebPage","@id":"https:\/\/brown-ie.com\/bll\/%e7%84%a1%e6%96%99%e4%bd%93%e9%a8%93%e7%94%b3%e3%81%97%e8%be%bc%e3%81%bf-or-%e3%81%8a%e5%95%8f%e3%81%84%e5%90%88%e3%82%8f%e3%81%9b\/","url":"https:\/\/brown-ie.com\/bll\/%e7%84%a1%e6%96%99%e4%bd%93%e9%a8%93%e7%94%b3%e3%81%97%e8%be%bc%e3%81%bf-or-%e3%81%8a%e5%95%8f%e3%81%84%e5%90%88%e3%82%8f%e3%81%9b\/","name":"\u7121\u6599\u4f53\u9a13\u7533\u3057\u8fbc\u307f or \u304a\u554f\u3044\u5408\u308f\u305b - Brown Language Laboratory","isPartOf":{"@id":"https:\/\/brown-ie.com\/bll\/#website"},"primaryImageOfPage":{"@id":"https:\/\/brown-ie.com\/bll\/%e7%84%a1%e6%96%99%e4%bd%93%e9%a8%93%e7%94%b3%e3%81%97%e8%be%bc%e3%81%bf-or-%e3%81%8a%e5%95%8f%e3%81%84%e5%90%88%e3%82%8f%e3%81%9b\/#primaryimage"},"image":{"@id":"https:\/\/brown-ie.com\/bll\/%e7%84%a1%e6%96%99%e4%bd%93%e9%a8%93%e7%94%b3%e3%81%97%e8%be%bc%e3%81%bf-or-%e3%81%8a%e5%95%8f%e3%81%84%e5%90%88%e3%82%8f%e3%81%9b\/#primaryimage"},"thumbnailUrl":"https:\/\/brown-ie.com\/bll\/wp-content\/uploads\/2023\/06\/brown-line-account.png","datePublished":"2023-06-09T04:28:46+00:00","dateModified":"2024-04-02T06:54:22+00:00","breadcrumb":{"@id":"https:\/\/brown-ie.com\/bll\/%e7%84%a1%e6%96%99%e4%bd%93%e9%a8%93%e7%94%b3%e3%81%97%e8%be%bc%e3%81%bf-or-%e3%81%8a%e5%95%8f%e3%81%84%e5%90%88%e3%82%8f%e3%81%9b\/#breadcrumb"},"inLanguage":"ja","potentialAction":[{"@type":"ReadAction","target":["https:\/\/brown-ie.com\/bll\/%e7%84%a1%e6%96%99%e4%bd%93%e9%a8%93%e7%94%b3%e3%81%97%e8%be%bc%e3%81%bf-or-%e3%81%8a%e5%95%8f%e3%81%84%e5%90%88%e3%82%8f%e3%81%9b\/"]}]},{"@type":"ImageObject","inLanguage":"ja","@id":"https:\/\/brown-ie.com\/bll\/%e7%84%a1%e6%96%99%e4%bd%93%e9%a8%93%e7%94%b3%e3%81%97%e8%be%bc%e3%81%bf-or-%e3%81%8a%e5%95%8f%e3%81%84%e5%90%88%e3%82%8f%e3%81%9b\/#primaryimage","url":"https:\/\/brown-ie.com\/bll\/wp-content\/uploads\/2023\/06\/brown-line-account.png","contentUrl":"https:\/\/brown-ie.com\/bll\/wp-content\/uploads\/2023\/06\/brown-line-account.png","width":900,"height":900},{"@type":"BreadcrumbList","@id":"https:\/\/brown-ie.com\/bll\/%e7%84%a1%e6%96%99%e4%bd%93%e9%a8%93%e7%94%b3%e3%81%97%e8%be%bc%e3%81%bf-or-%e3%81%8a%e5%95%8f%e3%81%84%e5%90%88%e3%82%8f%e3%81%9b\/#breadcrumb","itemListElement":[{"@type":"ListItem","position":1,"name":"\u30db\u30fc\u30e0","item":"https:\/\/brown-ie.com\/bll\/"},{"@type":"ListItem","position":2,"name":"\u7121\u6599\u4f53\u9a13\u7533\u3057\u8fbc\u307f or \u304a\u554f\u3044\u5408\u308f\u305b"}]},{"@type":"WebSite","@id":"https:\/\/brown-ie.com\/bll\/#website","url":"https:\/\/brown-ie.com\/bll\/","name":"Brown Language Laboratory","description":"\u30a2\u30c3\u30c8\u30db\u30fc\u30e0\u306a\u306e\u306b\u610f\u8b58\u304c\u9ad8\u307e\u308b\u30b9\u30af\u30fc\u30eb \u30d6\u30e9\u30a6\u30f3 \u30e9\u30f3\u30b2\u30fc\u30b8\u30e9\u30dc","publisher":{"@id":"https:\/\/brown-ie.com\/bll\/#organization"},"alternateName":"\u82f1\u8a9e\u30b9\u30af\u30fc\u30eb\u30d6\u30e9\u30a6\u30f3","potentialAction":[{"@type":"SearchAction","target":{"@type":"EntryPoint","urlTemplate":"https:\/\/brown-ie.com\/bll\/?s={search_term_string}"},"query-input":{"@type":"PropertyValueSpecification","valueRequired":true,"valueName":"search_term_string"}}],"inLanguage":"ja"},{"@type":"Organization","@id":"https:\/\/brown-ie.com\/bll\/#organization","name":"\u30d6\u30e9\u30a6\u30f3\u30fb\u30e9\u30f3\u30b2\u30fc\u30b8\u30e9\u30dc","url":"https:\/\/brown-ie.com\/bll\/","logo":{"@type":"ImageObject","inLanguage":"ja","@id":"https:\/\/brown-ie.com\/bll\/#\/schema\/logo\/image\/","url":"https:\/\/brown-ie.com\/bll\/wp-content\/uploads\/2023\/06\/cropped-IMG_0027-7.jpg","contentUrl":"https:\/\/brown-ie.com\/bll\/wp-content\/uploads\/2023\/06\/cropped-IMG_0027-7.jpg","width":225,"height":126,"caption":"\u30d6\u30e9\u30a6\u30f3\u30fb\u30e9\u30f3\u30b2\u30fc\u30b8\u30e9\u30dc"},"image":{"@id":"https:\/\/brown-ie.com\/bll\/#\/schema\/logo\/image\/"}}]}},"_links":{"self":[{"href":"https:\/\/brown-ie.com\/bll\/wp-json\/wp\/v2\/pages\/27","targetHints":{"allow":["GET"]}}],"collection":[{"href":"https:\/\/brown-ie.com\/bll\/wp-json\/wp\/v2\/pages"}],"about":[{"href":"https:\/\/brown-ie.com\/bll\/wp-json\/wp\/v2\/types\/page"}],"author":[{"embeddable":true,"href":"https:\/\/brown-ie.com\/bll\/wp-json\/wp\/v2\/users\/1"}],"replies":[{"embeddable":true,"href":"https:\/\/brown-ie.com\/bll\/wp-json\/wp\/v2\/comments?post=27"}],"version-history":[{"count":6,"href":"https:\/\/brown-ie.com\/bll\/wp-json\/wp\/v2\/pages\/27\/revisions"}],"predecessor-version":[{"id":471,"href":"https:\/\/brown-ie.com\/bll\/wp-json\/wp\/v2\/pages\/27\/revisions\/471"}],"wp:attachment":[{"href":"https:\/\/brown-ie.com\/bll\/wp-json\/wp\/v2\/media?parent=27"}],"curies":[{"name":"wp","href":"https:\/\/api.w.org\/{rel}","templated":true}]}}